{"id":7562,"date":"2026-02-23T14:49:08","date_gmt":"2026-02-23T14:49:08","guid":{"rendered":"https:\/\/www.pur.co\/a-propos-de-nous\/notre-equipe-2\/"},"modified":"2026-04-07T12:27:28","modified_gmt":"2026-04-07T12:27:28","slug":"notre-equipe","status":"publish","type":"page","link":"https:\/\/pur.co\/fr\/a-propos-de-nous\/notre-equipe\/","title":{"rendered":"Notre \u00e9quipe"},"content":{"rendered":"","protected":false},"excerpt":{"rendered":"<p>PUR travaille en \u00e9troite collaboration avec ses clients pour concevoir et mettre en \u0153uvre des solutions fond\u00e9es sur la nature, con\u00e7ues&#8230;<\/p>\n","protected":false},"author":3,"featured_media":3527,"parent":7191,"menu_order":0,"comment_status":"closed","ping_status":"closed","template":"page-templates\/page_flexible_template.php","meta":{"_acf_changed":false,"footnotes":""},"class_list":["post-7562","page","type-page","status-publish","has-post-thumbnail","hentry"],"acf":[],"_links":{"self":[{"href":"https:\/\/pur.co\/fr\/wp-json\/wp\/v2\/pages\/7562","targetHints":{"allow":["GET"]}}],"collection":[{"href":"https:\/\/pur.co\/fr\/wp-json\/wp\/v2\/pages"}],"about":[{"href":"https:\/\/pur.co\/fr\/wp-json\/wp\/v2\/types\/page"}],"author":[{"embeddable":true,"href":"https:\/\/pur.co\/fr\/wp-json\/wp\/v2\/users\/3"}],"replies":[{"embeddable":true,"href":"https:\/\/pur.co\/fr\/wp-json\/wp\/v2\/comments?post=7562"}],"version-history":[{"count":1,"href":"https:\/\/pur.co\/fr\/wp-json\/wp\/v2\/pages\/7562\/revisions"}],"predecessor-version":[{"id":7652,"href":"https:\/\/pur.co\/fr\/wp-json\/wp\/v2\/pages\/7562\/revisions\/7652"}],"up":[{"embeddable":true,"href":"https:\/\/pur.co\/fr\/wp-json\/wp\/v2\/pages\/7191"}],"wp:featuredmedia":[{"embeddable":true,"href":"https:\/\/pur.co\/fr\/wp-json\/wp\/v2\/media\/3527"}],"wp:attachment":[{"href":"https:\/\/pur.co\/fr\/wp-json\/wp\/v2\/media?parent=7562"}],"curies":[{"name":"wp","href":"https:\/\/api.w.org\/{rel}","templated":true}]}}