{"id":7245,"date":"2025-11-07T11:09:50","date_gmt":"2025-11-07T11:09:50","guid":{"rendered":"https:\/\/www.pur.co\/nos-solutions-reduire-les-emissions-de-la-chaine-dapprovisionnement-agricole\/"},"modified":"2026-02-20T16:13:59","modified_gmt":"2026-02-20T16:13:59","slug":"nos-solutions-reduire-les-emissions-de-la-chaine-dapprovisionnement","status":"publish","type":"page","link":"https:\/\/pur.co\/fr\/nos-solutions-reduire-les-emissions-de-la-chaine-dapprovisionnement\/","title":{"rendered":"Nos solutions : R\u00e9duire les \u00e9missions de la cha\u00eene d&#8217;approvisionnement agricole"},"content":{"rendered":"","protected":false},"excerpt":{"rendered":"","protected":false},"author":3,"featured_media":3710,"parent":0,"menu_order":0,"comment_status":"closed","ping_status":"closed","template":"page-templates\/page_flexible_template.php","meta":{"_acf_changed":false,"footnotes":""},"class_list":["post-7245","page","type-page","status-publish","has-post-thumbnail","hentry"],"acf":[],"_links":{"self":[{"href":"https:\/\/pur.co\/fr\/wp-json\/wp\/v2\/pages\/7245","targetHints":{"allow":["GET"]}}],"collection":[{"href":"https:\/\/pur.co\/fr\/wp-json\/wp\/v2\/pages"}],"about":[{"href":"https:\/\/pur.co\/fr\/wp-json\/wp\/v2\/types\/page"}],"author":[{"embeddable":true,"href":"https:\/\/pur.co\/fr\/wp-json\/wp\/v2\/users\/3"}],"replies":[{"embeddable":true,"href":"https:\/\/pur.co\/fr\/wp-json\/wp\/v2\/comments?post=7245"}],"version-history":[{"count":1,"href":"https:\/\/pur.co\/fr\/wp-json\/wp\/v2\/pages\/7245\/revisions"}],"predecessor-version":[{"id":7307,"href":"https:\/\/pur.co\/fr\/wp-json\/wp\/v2\/pages\/7245\/revisions\/7307"}],"wp:featuredmedia":[{"embeddable":true,"href":"https:\/\/pur.co\/fr\/wp-json\/wp\/v2\/media\/3710"}],"wp:attachment":[{"href":"https:\/\/pur.co\/fr\/wp-json\/wp\/v2\/media?parent=7245"}],"curies":[{"name":"wp","href":"https:\/\/api.w.org\/{rel}","templated":true}]}}