{"id":7191,"date":"2025-10-24T12:53:31","date_gmt":"2025-10-24T12:53:31","guid":{"rendered":"https:\/\/www.pur.co\/a-propos-de-nous\/"},"modified":"2026-01-22T13:39:34","modified_gmt":"2026-01-22T13:39:34","slug":"a-propos-de-nous","status":"publish","type":"page","link":"https:\/\/pur.co\/fr\/a-propos-de-nous\/","title":{"rendered":"\u00c0 propos de nous"},"content":{"rendered":"","protected":false},"excerpt":{"rendered":"<p>PUR est une entreprise \u00e0 impact qui r\u00e9g\u00e9n\u00e8re les \u00e9cosyst\u00e8mes au sein des cha\u00eenes de valeur des entreprises. Nous nous sp\u00e9cialisons&#8230;<\/p>\n","protected":false},"author":3,"featured_media":0,"parent":0,"menu_order":0,"comment_status":"closed","ping_status":"closed","template":"page-templates\/page_flexible_template.php","meta":{"_acf_changed":false,"footnotes":""},"class_list":["post-7191","page","type-page","status-publish","hentry"],"acf":[],"_links":{"self":[{"href":"https:\/\/pur.co\/fr\/wp-json\/wp\/v2\/pages\/7191","targetHints":{"allow":["GET"]}}],"collection":[{"href":"https:\/\/pur.co\/fr\/wp-json\/wp\/v2\/pages"}],"about":[{"href":"https:\/\/pur.co\/fr\/wp-json\/wp\/v2\/types\/page"}],"author":[{"embeddable":true,"href":"https:\/\/pur.co\/fr\/wp-json\/wp\/v2\/users\/3"}],"replies":[{"embeddable":true,"href":"https:\/\/pur.co\/fr\/wp-json\/wp\/v2\/comments?post=7191"}],"version-history":[{"count":0,"href":"https:\/\/pur.co\/fr\/wp-json\/wp\/v2\/pages\/7191\/revisions"}],"wp:attachment":[{"href":"https:\/\/pur.co\/fr\/wp-json\/wp\/v2\/media?parent=7191"}],"curies":[{"name":"wp","href":"https:\/\/api.w.org\/{rel}","templated":true}]}}