{"id":7148,"date":"2025-11-18T13:07:54","date_gmt":"2025-11-18T13:07:54","guid":{"rendered":"https:\/\/www.pur.co\/page-daccueil\/"},"modified":"2026-02-20T08:55:08","modified_gmt":"2026-02-20T08:55:08","slug":"page-daccueil","status":"publish","type":"page","link":"https:\/\/pur.co\/fr\/","title":{"rendered":"Page d&#8217;accueil"},"content":{"rendered":"","protected":false},"excerpt":{"rendered":"<p>PUR est un chef de file du d\u00e9veloppement fond\u00e9 sur la nature, aidant les entreprises \u00e0 r\u00e9duire leurs \u00e9missions de carbone au sein de&#8230;<\/p>\n","protected":false},"author":3,"featured_media":3958,"parent":0,"menu_order":0,"comment_status":"closed","ping_status":"closed","template":"page-templates\/page_flexible_template.php","meta":{"_acf_changed":false,"footnotes":""},"class_list":["post-7148","page","type-page","status-publish","has-post-thumbnail","hentry"],"acf":[],"_links":{"self":[{"href":"https:\/\/pur.co\/fr\/wp-json\/wp\/v2\/pages\/7148","targetHints":{"allow":["GET"]}}],"collection":[{"href":"https:\/\/pur.co\/fr\/wp-json\/wp\/v2\/pages"}],"about":[{"href":"https:\/\/pur.co\/fr\/wp-json\/wp\/v2\/types\/page"}],"author":[{"embeddable":true,"href":"https:\/\/pur.co\/fr\/wp-json\/wp\/v2\/users\/3"}],"replies":[{"embeddable":true,"href":"https:\/\/pur.co\/fr\/wp-json\/wp\/v2\/comments?post=7148"}],"version-history":[{"count":0,"href":"https:\/\/pur.co\/fr\/wp-json\/wp\/v2\/pages\/7148\/revisions"}],"wp:featuredmedia":[{"embeddable":true,"href":"https:\/\/pur.co\/fr\/wp-json\/wp\/v2\/media\/3958"}],"wp:attachment":[{"href":"https:\/\/pur.co\/fr\/wp-json\/wp\/v2\/media?parent=7148"}],"curies":[{"name":"wp","href":"https:\/\/api.w.org\/{rel}","templated":true}]}}