{"id":6050,"date":"2024-10-10T22:11:18","date_gmt":"2024-10-10T22:11:18","guid":{"rendered":"https:\/\/pur-projet.local\/?page_id=6050"},"modified":"2026-04-07T13:18:02","modified_gmt":"2026-04-07T13:18:02","slug":"droits-humains","status":"publish","type":"page","link":"https:\/\/pur.co\/fr\/droits-humains\/","title":{"rendered":"D\u00e9claration des droits de l&#8217;homme"},"content":{"rendered":"\r\n<h2 class=\"has-text-color wp-block-heading\" style=\"color: #16677c;\">\u00a0<\/h2>\r\n","protected":false},"excerpt":{"rendered":"<p>En tant que partie prenante responsable, nous reconnaissons notre r\u00f4le significatif dans la g\u00e9n\u00e9ration de b\u00e9n\u00e9fices soci\u00e9taux par le&#8230;<\/p>\n","protected":false},"author":4,"featured_media":0,"parent":0,"menu_order":0,"comment_status":"closed","ping_status":"closed","template":"page-templates\/page_flexible_template.php","meta":{"_acf_changed":false,"footnotes":""},"class_list":["post-6050","page","type-page","status-publish","hentry"],"acf":[],"_links":{"self":[{"href":"https:\/\/pur.co\/fr\/wp-json\/wp\/v2\/pages\/6050","targetHints":{"allow":["GET"]}}],"collection":[{"href":"https:\/\/pur.co\/fr\/wp-json\/wp\/v2\/pages"}],"about":[{"href":"https:\/\/pur.co\/fr\/wp-json\/wp\/v2\/types\/page"}],"author":[{"embeddable":true,"href":"https:\/\/pur.co\/fr\/wp-json\/wp\/v2\/users\/4"}],"replies":[{"embeddable":true,"href":"https:\/\/pur.co\/fr\/wp-json\/wp\/v2\/comments?post=6050"}],"version-history":[{"count":3,"href":"https:\/\/pur.co\/fr\/wp-json\/wp\/v2\/pages\/6050\/revisions"}],"predecessor-version":[{"id":7659,"href":"https:\/\/pur.co\/fr\/wp-json\/wp\/v2\/pages\/6050\/revisions\/7659"}],"wp:attachment":[{"href":"https:\/\/pur.co\/fr\/wp-json\/wp\/v2\/media?parent=6050"}],"curies":[{"name":"wp","href":"https:\/\/api.w.org\/{rel}","templated":true}]}}