{"id":3647,"date":"2022-12-03T23:28:13","date_gmt":"2022-12-03T23:28:13","guid":{"rendered":"https:\/\/pur-projet.local\/interventions\/conservation-forestiere\/"},"modified":"2023-05-10T17:55:31","modified_gmt":"2023-05-10T17:55:31","slug":"conservation-forestiere","status":"publish","type":"page","link":"https:\/\/pur.co\/fr\/interventions\/conservation-forestiere\/","title":{"rendered":"Conservation foresti\u00e8re"},"content":{"rendered":"","protected":false},"excerpt":{"rendered":"<p>Les for\u00eats font partie des \u00e9cosyst\u00e8mes les plus importants du monde : elles entretiennent les cycles de l&#8217;eau, abritent environ 80 % des&#8230;<\/p>\n","protected":false},"author":3,"featured_media":3551,"parent":3590,"menu_order":0,"comment_status":"closed","ping_status":"closed","template":"page-templates\/page_flexible_template.php","meta":{"_acf_changed":false,"footnotes":""},"class_list":["post-3647","page","type-page","status-publish","has-post-thumbnail","hentry","categories-forest-conservation"],"acf":[],"_links":{"self":[{"href":"https:\/\/pur.co\/fr\/wp-json\/wp\/v2\/pages\/3647","targetHints":{"allow":["GET"]}}],"collection":[{"href":"https:\/\/pur.co\/fr\/wp-json\/wp\/v2\/pages"}],"about":[{"href":"https:\/\/pur.co\/fr\/wp-json\/wp\/v2\/types\/page"}],"author":[{"embeddable":true,"href":"https:\/\/pur.co\/fr\/wp-json\/wp\/v2\/users\/3"}],"replies":[{"embeddable":true,"href":"https:\/\/pur.co\/fr\/wp-json\/wp\/v2\/comments?post=3647"}],"version-history":[{"count":0,"href":"https:\/\/pur.co\/fr\/wp-json\/wp\/v2\/pages\/3647\/revisions"}],"up":[{"embeddable":true,"href":"https:\/\/pur.co\/fr\/wp-json\/wp\/v2\/pages\/3590"}],"wp:featuredmedia":[{"embeddable":true,"href":"https:\/\/pur.co\/fr\/wp-json\/wp\/v2\/media\/3551"}],"wp:attachment":[{"href":"https:\/\/pur.co\/fr\/wp-json\/wp\/v2\/media?parent=3647"}],"curies":[{"name":"wp","href":"https:\/\/api.w.org\/{rel}","templated":true}]}}