{"id":3277,"date":"2022-12-02T18:30:52","date_gmt":"2022-12-02T18:30:52","guid":{"rendered":"https:\/\/pur-projet.local\/interventions\/coastal-marine-restoration\/"},"modified":"2023-11-22T17:59:17","modified_gmt":"2023-11-22T17:59:17","slug":"regeneration-zones-cotieres-marines","status":"publish","type":"page","link":"https:\/\/pur.co\/fr\/interventions\/regeneration-zones-cotieres-marines\/","title":{"rendered":"Reg\u00e9n\u00e9ration des zones c\u00f4ti\u00e8res et marines"},"content":{"rendered":"","protected":false},"excerpt":{"rendered":"<p>Les r\u00e9gions c\u00f4ti\u00e8res et marines font partie des zones les plus riches en biodiversit\u00e9 sur la plan\u00e8te. On y trouve plusieurs&#8230;<\/p>\n","protected":false},"author":1,"featured_media":3548,"parent":3590,"menu_order":0,"comment_status":"closed","ping_status":"closed","template":"page-templates\/page_flexible_template.php","meta":{"_acf_changed":false,"footnotes":""},"class_list":["post-3277","page","type-page","status-publish","has-post-thumbnail","hentry","categories-coastal-marine-restoration"],"acf":[],"_links":{"self":[{"href":"https:\/\/pur.co\/fr\/wp-json\/wp\/v2\/pages\/3277","targetHints":{"allow":["GET"]}}],"collection":[{"href":"https:\/\/pur.co\/fr\/wp-json\/wp\/v2\/pages"}],"about":[{"href":"https:\/\/pur.co\/fr\/wp-json\/wp\/v2\/types\/page"}],"author":[{"embeddable":true,"href":"https:\/\/pur.co\/fr\/wp-json\/wp\/v2\/users\/1"}],"replies":[{"embeddable":true,"href":"https:\/\/pur.co\/fr\/wp-json\/wp\/v2\/comments?post=3277"}],"version-history":[{"count":0,"href":"https:\/\/pur.co\/fr\/wp-json\/wp\/v2\/pages\/3277\/revisions"}],"up":[{"embeddable":true,"href":"https:\/\/pur.co\/fr\/wp-json\/wp\/v2\/pages\/3590"}],"wp:featuredmedia":[{"embeddable":true,"href":"https:\/\/pur.co\/fr\/wp-json\/wp\/v2\/media\/3548"}],"wp:attachment":[{"href":"https:\/\/pur.co\/fr\/wp-json\/wp\/v2\/media?parent=3277"}],"curies":[{"name":"wp","href":"https:\/\/api.w.org\/{rel}","templated":true}]}}