{"id":3264,"date":"2022-12-02T04:07:37","date_gmt":"2022-12-02T04:07:37","guid":{"rendered":"https:\/\/pur-projet.local\/interventions\/regenerative-agriculture\/"},"modified":"2023-05-10T17:54:12","modified_gmt":"2023-05-10T17:54:12","slug":"agriculture-regenerative","status":"publish","type":"page","link":"https:\/\/pur.co\/fr\/interventions\/agriculture-regenerative\/","title":{"rendered":"Agriculture reg\u00e9n\u00e9rative"},"content":{"rendered":"","protected":false},"excerpt":{"rendered":"<p>L\u2019agriculture r\u00e9g\u00e9n\u00e9rative est une approche holistique des syst\u00e8mes de production agricoles. Elle favorise la s\u00e9questration du&#8230;<\/p>\n","protected":false},"author":1,"featured_media":3544,"parent":3590,"menu_order":0,"comment_status":"closed","ping_status":"closed","template":"page-templates\/page_flexible_template.php","meta":{"_acf_changed":false,"footnotes":""},"class_list":["post-3264","page","type-page","status-publish","has-post-thumbnail","hentry","categories-regenerative-agriculture"],"acf":[],"_links":{"self":[{"href":"https:\/\/pur.co\/fr\/wp-json\/wp\/v2\/pages\/3264","targetHints":{"allow":["GET"]}}],"collection":[{"href":"https:\/\/pur.co\/fr\/wp-json\/wp\/v2\/pages"}],"about":[{"href":"https:\/\/pur.co\/fr\/wp-json\/wp\/v2\/types\/page"}],"author":[{"embeddable":true,"href":"https:\/\/pur.co\/fr\/wp-json\/wp\/v2\/users\/1"}],"replies":[{"embeddable":true,"href":"https:\/\/pur.co\/fr\/wp-json\/wp\/v2\/comments?post=3264"}],"version-history":[{"count":0,"href":"https:\/\/pur.co\/fr\/wp-json\/wp\/v2\/pages\/3264\/revisions"}],"up":[{"embeddable":true,"href":"https:\/\/pur.co\/fr\/wp-json\/wp\/v2\/pages\/3590"}],"wp:featuredmedia":[{"embeddable":true,"href":"https:\/\/pur.co\/fr\/wp-json\/wp\/v2\/media\/3544"}],"wp:attachment":[{"href":"https:\/\/pur.co\/fr\/wp-json\/wp\/v2\/media?parent=3264"}],"curies":[{"name":"wp","href":"https:\/\/api.w.org\/{rel}","templated":true}]}}