{"id":1268,"date":"2022-09-19T23:38:34","date_gmt":"2022-09-19T23:38:34","guid":{"rendered":"https:\/\/pur-projet.local\/our-team\/"},"modified":"2026-01-16T14:29:21","modified_gmt":"2026-01-16T14:29:21","slug":"notre-equipe","status":"publish","type":"page","link":"https:\/\/pur.co\/fr\/notre-equipe\/","title":{"rendered":"Notre \u00e9quipe"},"content":{"rendered":"","protected":false},"excerpt":{"rendered":"<p>PUR travaille en \u00e9troite collaboration avec ses clients pour concevoir et mettre en \u0153uvre des solutions bas\u00e9es sur la nature &#8211; qui sont&#8230;<\/p>\n","protected":false},"author":1,"featured_media":3527,"parent":0,"menu_order":0,"comment_status":"closed","ping_status":"closed","template":"page-templates\/page_flexible_template.php","meta":{"_acf_changed":false,"footnotes":""},"class_list":["post-1268","page","type-page","status-publish","has-post-thumbnail","hentry"],"acf":[],"_links":{"self":[{"href":"https:\/\/pur.co\/fr\/wp-json\/wp\/v2\/pages\/1268","targetHints":{"allow":["GET"]}}],"collection":[{"href":"https:\/\/pur.co\/fr\/wp-json\/wp\/v2\/pages"}],"about":[{"href":"https:\/\/pur.co\/fr\/wp-json\/wp\/v2\/types\/page"}],"author":[{"embeddable":true,"href":"https:\/\/pur.co\/fr\/wp-json\/wp\/v2\/users\/1"}],"replies":[{"embeddable":true,"href":"https:\/\/pur.co\/fr\/wp-json\/wp\/v2\/comments?post=1268"}],"version-history":[{"count":1,"href":"https:\/\/pur.co\/fr\/wp-json\/wp\/v2\/pages\/1268\/revisions"}],"predecessor-version":[{"id":7037,"href":"https:\/\/pur.co\/fr\/wp-json\/wp\/v2\/pages\/1268\/revisions\/7037"}],"wp:featuredmedia":[{"embeddable":true,"href":"https:\/\/pur.co\/fr\/wp-json\/wp\/v2\/media\/3527"}],"wp:attachment":[{"href":"https:\/\/pur.co\/fr\/wp-json\/wp\/v2\/media?parent=1268"}],"curies":[{"name":"wp","href":"https:\/\/api.w.org\/{rel}","templated":true}]}}