{"id":1238,"date":"2022-09-19T23:39:41","date_gmt":"2022-09-19T23:39:41","guid":{"rendered":"https:\/\/pur-projet.local\/news-stories\/"},"modified":"2026-04-08T15:31:02","modified_gmt":"2026-04-08T15:31:02","slug":"actualites-et-analyses","status":"publish","type":"page","link":"https:\/\/pur.co\/fr\/actualites-et-analyses\/","title":{"rendered":"Actualit\u00e9s et analyses"},"content":{"rendered":"","protected":false},"excerpt":{"rendered":"<p>Des mises \u00e0 jour sur le terrain, des \u00e9tudes de cas issues de partenariats mondiaux et les principales tendances de l&#8217;industrie en&#8230;<\/p>\n","protected":false},"author":1,"featured_media":5186,"parent":0,"menu_order":0,"comment_status":"closed","ping_status":"closed","template":"page-templates\/page_flexible_template.php","meta":{"_acf_changed":false,"footnotes":""},"class_list":["post-1238","page","type-page","status-publish","has-post-thumbnail","hentry"],"acf":[],"_links":{"self":[{"href":"https:\/\/pur.co\/fr\/wp-json\/wp\/v2\/pages\/1238","targetHints":{"allow":["GET"]}}],"collection":[{"href":"https:\/\/pur.co\/fr\/wp-json\/wp\/v2\/pages"}],"about":[{"href":"https:\/\/pur.co\/fr\/wp-json\/wp\/v2\/types\/page"}],"author":[{"embeddable":true,"href":"https:\/\/pur.co\/fr\/wp-json\/wp\/v2\/users\/1"}],"replies":[{"embeddable":true,"href":"https:\/\/pur.co\/fr\/wp-json\/wp\/v2\/comments?post=1238"}],"version-history":[{"count":1,"href":"https:\/\/pur.co\/fr\/wp-json\/wp\/v2\/pages\/1238\/revisions"}],"predecessor-version":[{"id":7663,"href":"https:\/\/pur.co\/fr\/wp-json\/wp\/v2\/pages\/1238\/revisions\/7663"}],"wp:featuredmedia":[{"embeddable":true,"href":"https:\/\/pur.co\/fr\/wp-json\/wp\/v2\/media\/5186"}],"wp:attachment":[{"href":"https:\/\/pur.co\/fr\/wp-json\/wp\/v2\/media?parent=1238"}],"curies":[{"name":"wp","href":"https:\/\/api.w.org\/{rel}","templated":true}]}}