{"id":1231,"date":"2022-10-22T20:46:13","date_gmt":"2022-10-22T20:46:13","guid":{"rendered":"https:\/\/pur-projet.local\/what-we-do\/"},"modified":"2024-10-09T09:01:38","modified_gmt":"2024-10-09T09:01:38","slug":"champs-daction","status":"publish","type":"page","link":"https:\/\/pur.co\/fr\/champs-daction\/","title":{"rendered":"Ce que nous faisons"},"content":{"rendered":"","protected":false},"excerpt":{"rendered":"<p>Travailler en collaboration avec des clients et des communaut\u00e9s pour concevoir et mettre en \u0153uvre des solutions fond\u00e9es sur la nature \u00e0&#8230;<\/p>\n","protected":false},"author":1,"featured_media":3708,"parent":0,"menu_order":0,"comment_status":"closed","ping_status":"closed","template":"page-templates\/page_flexible_template.php","meta":{"_acf_changed":false,"footnotes":""},"class_list":["post-1231","page","type-page","status-publish","has-post-thumbnail","hentry"],"acf":[],"_links":{"self":[{"href":"https:\/\/pur.co\/fr\/wp-json\/wp\/v2\/pages\/1231","targetHints":{"allow":["GET"]}}],"collection":[{"href":"https:\/\/pur.co\/fr\/wp-json\/wp\/v2\/pages"}],"about":[{"href":"https:\/\/pur.co\/fr\/wp-json\/wp\/v2\/types\/page"}],"author":[{"embeddable":true,"href":"https:\/\/pur.co\/fr\/wp-json\/wp\/v2\/users\/1"}],"replies":[{"embeddable":true,"href":"https:\/\/pur.co\/fr\/wp-json\/wp\/v2\/comments?post=1231"}],"version-history":[{"count":0,"href":"https:\/\/pur.co\/fr\/wp-json\/wp\/v2\/pages\/1231\/revisions"}],"wp:featuredmedia":[{"embeddable":true,"href":"https:\/\/pur.co\/fr\/wp-json\/wp\/v2\/media\/3708"}],"wp:attachment":[{"href":"https:\/\/pur.co\/fr\/wp-json\/wp\/v2\/media?parent=1231"}],"curies":[{"name":"wp","href":"https:\/\/api.w.org\/{rel}","templated":true}]}}